{"id":118,"date":"2018-05-03T18:35:22","date_gmt":"2018-05-03T21:35:22","guid":{"rendered":"http:\/\/greensupport.com.br\/?page_id=118"},"modified":"2019-10-24T18:11:48","modified_gmt":"2019-10-24T20:11:48","slug":"como-encontrar-uma-consultoria-ambiental_2","status":"publish","type":"page","link":"https:\/\/greensupport.com.br\/index.php\/como-encontrar-uma-consultoria-ambiental_2\/","title":{"rendered":"Quer saber o que torna uma consultoria ambiental diferente das outras?"},"content":{"rendered":"<h1 style=\"text-align: justify;\"><span style=\"color: #16a085; font-size: 24px;\">Procure saber como a consultoria entende o que seu cliente est\u00e1 buscando, qual a jornada que ele realizar\u00e1, quais s\u00e3o seus desafios e, principalmente, como ela pode ajud\u00e1-lo de uma forma objetiva, simples e com melhor custo-benef\u00edcio.<\/span><\/h1>\n<p style=\"text-align: justify;\">O entendimento da jornada do cliente na quest\u00e3o ambiental deve ser constru\u00eddo com a consultoria se colocando realmente no lugar do cliente, n\u00e3o apenas do ponto de vista ambiental, mas tamb\u00e9m sobre o neg\u00f3cio dele e, principalmente, como o empreendedor faz a gest\u00e3o do seu neg\u00f3cio.<\/p>\n<p style=\"text-align: justify;\">Outro posicionamento que deve ser buscado \u00e9 o de n\u00e3o se considerar como consultores ambientais que fornecem uma solu\u00e7\u00e3o para um problema do cliente e que, uma vez o problema resolvido, o trabalho se encerra. Mas e se a quest\u00e3o ambiental for recorrente? E se ela exige esfor\u00e7os peri\u00f3dicos do empreendedor? Como fazer?<\/p>\n<p style=\"text-align: justify;\">\n<h2 style=\"text-align: justify;\"><span style=\"color: #16a085; font-size: 20px;\">A jornada ambiental do cliente<\/span><\/h2>\n<p style=\"text-align: justify;\">Manter um neg\u00f3cio em conformidade com as exig\u00eancias ambientais \u00e9 uma jornada do empreendedor, que passa pela necessidade do <a href=\"http:\/\/greensupport.com.br\/index.php\/licencas-ambientais\/\" target=\"_blank\" rel=\"noopener\">licenciamento ambiental<\/a>, ou seja, obter licen\u00e7as ambientais para o seu funcionamento. No entanto, a jornada n\u00e3o termina com a obten\u00e7\u00e3o da licen\u00e7a, ela \u00e9 c\u00edclica, pois as licen\u00e7as t\u00eam prazo de validade e possuem uma s\u00e9rie de condicionantes que precisam ser cumpridas para sua manuten\u00e7\u00e3o.<\/p>\n<p style=\"text-align: justify;\">Isso quer dizer que a demanda por consultoria ambiental estar\u00e1 sempre presente?<\/p>\n<p style=\"text-align: justify;\">Sim, mesmo quando a quest\u00e3o ambiental fez parte do planejamento da empresa, a necessidade de ter um suporte t\u00e9cnico ambiental sempre estar\u00e1 presente, em qualquer tipo de neg\u00f3cio. E, se n\u00e3o esteve presente at\u00e9 agora, ainda h\u00e1 tempo de regularizar uma licen\u00e7a ambiental, por exemplo.<\/p>\n<p style=\"text-align: justify;\">Trata-se ent\u00e3o de n\u00e3o encarar mais a quest\u00e3o ambiental como pontual e as solu\u00e7\u00f5es antes trazidas s\u00f3 para resolver um problema moment\u00e2neo precisar\u00e3o ser incorporadas aos <a href=\"http:\/\/greensupport.com.br\/index.php\/gestao-ambiental\/\" target=\"_blank\" rel=\"noopener\">processos de gest\u00e3o<\/a>.<\/p>\n<p style=\"text-align: justify;\">\n<h3 style=\"text-align: justify;\"><span style=\"color: #16a085; font-size: 20px;\">Consultoria ambiental? N\u00e3o, provedores de suporte<\/span><\/h3>\n<p style=\"text-align: justify;\">N\u00f3s desmistificamos o conceito de consultoria ambiental, entendendo que para acompanhar a jornada de nossos clientes era preciso simplificar nossos pr\u00f3prios processos e entender nosso papel nessa jornada.<\/p>\n<p style=\"text-align: justify;\">Passamos a n\u00e3o nos considerar apenas consultores ambientais ou desenvolvedores de solu\u00e7\u00f5es pontuais, mas sim como aqueles que abastecem o empreendedor daquilo que ele precisa para sua jornada ambiental.<\/p>\n<p style=\"text-align: justify;\">Nosso papel \u00e9 o de ser uma empresa provedora de suporte t\u00e9cnico na jornada ambiental do empreendedor, fornecendo informa\u00e7\u00e3o t\u00e9cnica qualificada traduzida em <a href=\"http:\/\/greensupport.com.br\/index.php\/projetos-ambientais\/\" target=\"_blank\" rel=\"noopener\">projetos ambientais<\/a>, suportando <a href=\"http:\/\/greensupport.com.br\/index.php\/licencas-ambientais\/\" target=\"_blank\" rel=\"noopener\">todo o processo de licenciamento ambiental<\/a> e supervisionando processos de neg\u00f3cio para incorporar processos de <a href=\"http:\/\/greensupport.com.br\/index.php\/gestao-ambiental\/\" target=\"_blank\" rel=\"noopener\">gest\u00e3o ambiental<\/a> no dia a dia dos neg\u00f3cios de nossos clientes.<\/p>\n<p style=\"text-align: justify;\">\n<h4 style=\"text-align: justify;\"><span style=\"color: #16a085; font-size: 20px;\">Assumimos o nosso papel de provedores, n\u00e3o apenas consultores<\/span><\/h4>\n<p style=\"text-align: justify;\">A Green Support \u00e9 uma empresa capixaba, spin-off da <strong>Ambiente P\u00fablico Consultoria em Sustentabilidade<\/strong>, que desde 2009 trabalha focada em ser uma inovadora empresa de consultoria em engenharia ambiental e onde a descoberta de novas maneiras de ser eficiente, al\u00e9m da gera\u00e7\u00e3o de impactos social e ambientalmente positivos, se tornam condi\u00e7\u00f5es em seus processos de neg\u00f3cio.<\/p>\n<p style=\"text-align: justify;\">Se voc\u00ea \u00e9 empreendedor, est\u00e1 no meio dessa jornada e quer saber mais como podemos lhe ajudar, conte-nos mais no formul\u00e1rio que est\u00e1 nesta p\u00e1gina.<\/p>\n","protected":false},"excerpt":{"rendered":"<p>Procure saber como a consultoria entende o que seu cliente est\u00e1 buscando, qual a jornada que ele realizar\u00e1, quais s\u00e3o seus desafios e, principalmente, como ela pode ajud\u00e1-lo de uma forma objetiva, simples e com melhor custo-benef\u00edcio. O entendimento da jornada do cliente na quest\u00e3o ambiental deve ser constru\u00eddo com a consultoria se colocando realmente [&hellip;]<\/p>\n","protected":false},"author":1,"featured_media":144,"parent":0,"menu_order":0,"comment_status":"closed","ping_status":"closed","template":"","meta":[],"_links":{"self":[{"href":"https:\/\/greensupport.com.br\/index.php\/wp-json\/wp\/v2\/pages\/118"}],"collection":[{"href":"https:\/\/greensupport.com.br\/index.php\/wp-json\/wp\/v2\/pages"}],"about":[{"href":"https:\/\/greensupport.com.br\/index.php\/wp-json\/wp\/v2\/types\/page"}],"author":[{"embeddable":true,"href":"https:\/\/greensupport.com.br\/index.php\/wp-json\/wp\/v2\/users\/1"}],"replies":[{"embeddable":true,"href":"https:\/\/greensupport.com.br\/index.php\/wp-json\/wp\/v2\/comments?post=118"}],"version-history":[{"count":13,"href":"https:\/\/greensupport.com.br\/index.php\/wp-json\/wp\/v2\/pages\/118\/revisions"}],"predecessor-version":[{"id":303,"href":"https:\/\/greensupport.com.br\/index.php\/wp-json\/wp\/v2\/pages\/118\/revisions\/303"}],"wp:featuredmedia":[{"embeddable":true,"href":"https:\/\/greensupport.com.br\/index.php\/wp-json\/wp\/v2\/media\/144"}],"wp:attachment":[{"href":"https:\/\/greensupport.com.br\/index.php\/wp-json\/wp\/v2\/media?parent=118"}],"curies":[{"name":"wp","href":"https:\/\/api.w.org\/{rel}","templated":true}]}}