{"id":214,"date":"2018-05-08T17:38:24","date_gmt":"2018-05-08T20:38:24","guid":{"rendered":"http:\/\/greensupport.com.br\/?page_id=214"},"modified":"2018-05-09T11:32:19","modified_gmt":"2018-05-09T14:32:19","slug":"projetos-ambientais","status":"publish","type":"page","link":"https:\/\/greensupport.com.br\/index.php\/projetos-ambientais\/","title":{"rendered":"Nossos servi\u00e7os: Projetos ambientais"},"content":{"rendered":"<p style=\"text-align: justify;\">Fornecer informa\u00e7\u00e3o t\u00e9cnica qualificada traduzida em bons projetos ambientais \u00e9 a base de nosso trabalho, pois dar\u00e1 suporte aos processos de <strong>licenciamento ambiental<\/strong> e orienta processos de <strong>gest\u00e3o ambiental<\/strong>.<\/p>\n<p style=\"text-align: justify;\">A equipe da Green Support teve um <strong>aprendizado significativo<\/strong> em projetos ambientais.<\/p>\n<p>&nbsp;<\/p>\n<h1 style=\"text-align: justify;\"><span style=\"color: #16a085; font-size: 24px;\">Que projetos ambientais desenvolvemos<\/span><\/h1>\n<p style=\"text-align: justify;\">Desde projetos ambientais simplificados at\u00e9 estudos ambientais mais aprofundados, s\u00f3 para citar alguns:<\/p>\n<p style=\"text-align: justify;\"><img loading=\"lazy\" class=\"alignnone wp-image-60\" src=\"http:\/\/greensupport.com.br\/wp-content\/uploads\/2018\/05\/ramo_olive_greensupport-300x249.png\" alt=\"\" width=\"32\" height=\"27\" srcset=\"https:\/\/greensupport.com.br\/wp-content\/uploads\/2018\/05\/ramo_olive_greensupport-300x249.png 300w, https:\/\/greensupport.com.br\/wp-content\/uploads\/2018\/05\/ramo_olive_greensupport.png 702w\" sizes=\"(max-width: 32px) 100vw, 32px\" \/>\u00a0PCA (Plano de Controle Ambiental) &#8211; o mais pedido projeto ambiental de caracteriza\u00e7\u00e3o de empreendimentos, identifica\u00e7\u00e3o dos impactos gerados e planejamento de medidas de controle ambiental.<\/p>\n<p style=\"text-align: justify;\"><img loading=\"lazy\" class=\"alignnone wp-image-60\" src=\"http:\/\/greensupport.com.br\/wp-content\/uploads\/2018\/05\/ramo_olive_greensupport-300x249.png\" alt=\"\" width=\"32\" height=\"27\" srcset=\"https:\/\/greensupport.com.br\/wp-content\/uploads\/2018\/05\/ramo_olive_greensupport-300x249.png 300w, https:\/\/greensupport.com.br\/wp-content\/uploads\/2018\/05\/ramo_olive_greensupport.png 702w\" sizes=\"(max-width: 32px) 100vw, 32px\" \/>\u00a0PGRS (Plano de Controle Ambiental e de Gerenciamento de Res\u00edduos) \u2013 focado na an\u00e1lise, dimensionamento e planejamento da gest\u00e3o de res\u00edduos.<\/p>\n<p style=\"text-align: justify;\"><img loading=\"lazy\" class=\"alignnone wp-image-60\" src=\"http:\/\/greensupport.com.br\/wp-content\/uploads\/2018\/05\/ramo_olive_greensupport-300x249.png\" alt=\"\" width=\"32\" height=\"27\" srcset=\"https:\/\/greensupport.com.br\/wp-content\/uploads\/2018\/05\/ramo_olive_greensupport-300x249.png 300w, https:\/\/greensupport.com.br\/wp-content\/uploads\/2018\/05\/ramo_olive_greensupport.png 702w\" sizes=\"(max-width: 32px) 100vw, 32px\" \/>\u00a0FCE (Formul\u00e1rio de Caracteriza\u00e7\u00e3o de Empreendimento) &#8211; menos aprofundado do que um PCA e direcionado \u00e0 empreendimentos de pequeno porte e potencial poluidor.<\/p>\n<p style=\"text-align: justify;\"><img loading=\"lazy\" class=\"alignnone wp-image-60\" src=\"http:\/\/greensupport.com.br\/wp-content\/uploads\/2018\/05\/ramo_olive_greensupport-300x249.png\" alt=\"\" width=\"32\" height=\"27\" srcset=\"https:\/\/greensupport.com.br\/wp-content\/uploads\/2018\/05\/ramo_olive_greensupport-300x249.png 300w, https:\/\/greensupport.com.br\/wp-content\/uploads\/2018\/05\/ramo_olive_greensupport.png 702w\" sizes=\"(max-width: 32px) 100vw, 32px\" \/>\u00a0RCA (Relat\u00f3rio de Controle Ambiental) &#8211; Um estudo mais aprofundado e multidisciplinar dos impactos em empreendimentos de maior porte.<\/p>\n<p style=\"text-align: justify;\"><img loading=\"lazy\" class=\"alignnone wp-image-60\" src=\"http:\/\/greensupport.com.br\/wp-content\/uploads\/2018\/05\/ramo_olive_greensupport-300x249.png\" alt=\"\" width=\"32\" height=\"27\" srcset=\"https:\/\/greensupport.com.br\/wp-content\/uploads\/2018\/05\/ramo_olive_greensupport-300x249.png 300w, https:\/\/greensupport.com.br\/wp-content\/uploads\/2018\/05\/ramo_olive_greensupport.png 702w\" sizes=\"(max-width: 32px) 100vw, 32px\" \/>\u00a0PRAD (Plano de Recupera\u00e7\u00e3o de \u00c1reas Degradadas) &#8211; Projeto mais espec\u00edfico, com objetivo de recuperar \u00e1reas cujas caracter\u00edsticas originais sofreram impactos e altera\u00e7\u00f5es.<\/p>\n<p>&nbsp;<\/p>\n<h2 style=\"text-align: justify;\"><span style=\"color: #16a085; font-size: 20px;\">Projetos ambientais \u00fanicos<\/span><\/h2>\n<p style=\"text-align: justify;\">Nossos projetos s\u00e3o desenvolvidos especialmente de acordo com as estrat\u00e9gias de neg\u00f3cio de nossos clientes.<\/p>\n<p style=\"text-align: justify;\">Quer uma proposta? Consulte um especialista, preencha o formul\u00e1rio nesta p\u00e1gina<\/p>\n","protected":false},"excerpt":{"rendered":"<p>Fornecer informa\u00e7\u00e3o t\u00e9cnica qualificada traduzida em bons projetos ambientais \u00e9 a base de nosso trabalho, pois dar\u00e1 suporte aos processos de licenciamento ambiental e orienta processos de gest\u00e3o ambiental. A equipe da Green Support teve um aprendizado significativo em projetos ambientais. &nbsp; Que projetos ambientais desenvolvemos Desde projetos ambientais simplificados at\u00e9 estudos ambientais mais aprofundados, [&hellip;]<\/p>\n","protected":false},"author":1,"featured_media":147,"parent":0,"menu_order":0,"comment_status":"closed","ping_status":"closed","template":"","meta":[],"_links":{"self":[{"href":"https:\/\/greensupport.com.br\/index.php\/wp-json\/wp\/v2\/pages\/214"}],"collection":[{"href":"https:\/\/greensupport.com.br\/index.php\/wp-json\/wp\/v2\/pages"}],"about":[{"href":"https:\/\/greensupport.com.br\/index.php\/wp-json\/wp\/v2\/types\/page"}],"author":[{"embeddable":true,"href":"https:\/\/greensupport.com.br\/index.php\/wp-json\/wp\/v2\/users\/1"}],"replies":[{"embeddable":true,"href":"https:\/\/greensupport.com.br\/index.php\/wp-json\/wp\/v2\/comments?post=214"}],"version-history":[{"count":9,"href":"https:\/\/greensupport.com.br\/index.php\/wp-json\/wp\/v2\/pages\/214\/revisions"}],"predecessor-version":[{"id":255,"href":"https:\/\/greensupport.com.br\/index.php\/wp-json\/wp\/v2\/pages\/214\/revisions\/255"}],"wp:featuredmedia":[{"embeddable":true,"href":"https:\/\/greensupport.com.br\/index.php\/wp-json\/wp\/v2\/media\/147"}],"wp:attachment":[{"href":"https:\/\/greensupport.com.br\/index.php\/wp-json\/wp\/v2\/media?parent=214"}],"curies":[{"name":"wp","href":"https:\/\/api.w.org\/{rel}","templated":true}]}}