{"id":222,"date":"2018-05-08T18:24:30","date_gmt":"2018-05-08T21:24:30","guid":{"rendered":"http:\/\/greensupport.com.br\/?page_id=222"},"modified":"2018-05-09T11:50:43","modified_gmt":"2018-05-09T14:50:43","slug":"licencas-ambientais","status":"publish","type":"page","link":"https:\/\/greensupport.com.br\/index.php\/licencas-ambientais\/","title":{"rendered":"Nossos servi\u00e7os: Licenciamento ambiental"},"content":{"rendered":"<p style=\"text-align: justify;\">Nosso trabalho \u00e9 prover suporte t\u00e9cnico na obten\u00e7\u00e3o de licen\u00e7as ambientais, com um monitoramento constante do processo de licenciamento ambiental.<\/p>\n<p>&nbsp;<\/p>\n<h1 style=\"text-align: justify;\"><span style=\"color: #16a085; font-size: 24px;\">Licen\u00e7as Ambientais: como consegui-las mais rapidamente<\/span><\/h1>\n<p style=\"text-align: justify;\">Realizar um enquadramento correto e elaborar bons <a href=\"http:\/\/greensupport.com.br\/index.php\/projetos-ambientais\/\">projetos ambientais<\/a><strong>, <\/strong>s\u00e3o fundamentais para que a an\u00e1lise do licenciamento ambiental seja facilitada.<\/p>\n<p style=\"text-align: justify;\">A organiza\u00e7\u00e3o de toda a documenta\u00e7\u00e3o deve ser extremamente cuidadosa.<\/p>\n<p style=\"text-align: justify;\">O protocolo do processo no \u00f3rg\u00e3o ambiental \u00e9 um momento formal e crucial, mas o trabalho n\u00e3o termina a\u00ed.<\/p>\n<p>&nbsp;<\/p>\n<h2 style=\"text-align: justify;\"><span style=\"color: #16a085; font-size: 20px;\">Licenciamento ambiental monitorado<\/span><\/h2>\n<p style=\"text-align: justify;\">Ap\u00f3s o protocolo o processo entra na nossa agenda permanente, para ser monitorado e fazer defesa t\u00e9cnica junto aos \u00f3rg\u00e3os.<\/p>\n<p style=\"text-align: justify;\">At\u00e9 que a licen\u00e7a ambiental seja concedida.<\/p>\n<p>&nbsp;<\/p>\n<h3 style=\"text-align: justify;\"><span style=\"color: #16a085; font-size: 20px;\">Gest\u00e3o de condicionantes<\/span><\/h3>\n<p style=\"text-align: justify;\">Ap\u00f3s a concess\u00e3o da licen\u00e7a n\u00f3s passamos a dar e orientar processos de <a href=\"http:\/\/greensupport.com.br\/index.php\/gestao-ambiental\/\">gest\u00e3o ambiental<\/a> para cumprimento das condicionantes.<\/p>\n<p style=\"text-align: justify;\">Esse tipo de trabalho faz parte do DNA da Green Support, tanto para licen\u00e7as ambientais quanto para outorgas e outros tipos de autoriza\u00e7\u00e3o.<\/p>\n","protected":false},"excerpt":{"rendered":"<p>Nosso trabalho \u00e9 prover suporte t\u00e9cnico na obten\u00e7\u00e3o de licen\u00e7as ambientais, com um monitoramento constante do processo de licenciamento ambiental. &nbsp; Licen\u00e7as Ambientais: como consegui-las mais rapidamente Realizar um enquadramento correto e elaborar bons projetos ambientais, s\u00e3o fundamentais para que a an\u00e1lise do licenciamento ambiental seja facilitada. A organiza\u00e7\u00e3o de toda a documenta\u00e7\u00e3o deve ser [&hellip;]<\/p>\n","protected":false},"author":1,"featured_media":146,"parent":0,"menu_order":0,"comment_status":"closed","ping_status":"closed","template":"","meta":[],"_links":{"self":[{"href":"https:\/\/greensupport.com.br\/index.php\/wp-json\/wp\/v2\/pages\/222"}],"collection":[{"href":"https:\/\/greensupport.com.br\/index.php\/wp-json\/wp\/v2\/pages"}],"about":[{"href":"https:\/\/greensupport.com.br\/index.php\/wp-json\/wp\/v2\/types\/page"}],"author":[{"embeddable":true,"href":"https:\/\/greensupport.com.br\/index.php\/wp-json\/wp\/v2\/users\/1"}],"replies":[{"embeddable":true,"href":"https:\/\/greensupport.com.br\/index.php\/wp-json\/wp\/v2\/comments?post=222"}],"version-history":[{"count":6,"href":"https:\/\/greensupport.com.br\/index.php\/wp-json\/wp\/v2\/pages\/222\/revisions"}],"predecessor-version":[{"id":263,"href":"https:\/\/greensupport.com.br\/index.php\/wp-json\/wp\/v2\/pages\/222\/revisions\/263"}],"wp:featuredmedia":[{"embeddable":true,"href":"https:\/\/greensupport.com.br\/index.php\/wp-json\/wp\/v2\/media\/146"}],"wp:attachment":[{"href":"https:\/\/greensupport.com.br\/index.php\/wp-json\/wp\/v2\/media?parent=222"}],"curies":[{"name":"wp","href":"https:\/\/api.w.org\/{rel}","templated":true}]}}